{"id":1713,"date":"2020-05-12T10:28:30","date_gmt":"2020-05-12T08:28:30","guid":{"rendered":"https:\/\/www.diatherm.net\/?page_id=1713"},"modified":"2020-05-12T10:31:02","modified_gmt":"2020-05-12T08:31:02","slug":"home-fra","status":"publish","type":"page","link":"https:\/\/www.diatherm.net\/fr\/","title":{"rendered":"HOME FRA"},"content":{"rendered":"<div class=\"wpb-content-wrapper\"><p>[vc_row full_width=\u00a0\u00bbstretch_row_content_no_spaces\u00a0\u00bb full_height=\u00a0\u00bbyes\u00a0\u00bb css=\u00a0\u00bb.vc_custom_1578565499717{margin-top: 0px !important;margin-bottom: 0px !important;border-top-width: 0px !important;border-bottom-width: 0px !important;padding-top: 0px !important;padding-bottom: 0px !important;}\u00a0\u00bb][vc_column width=\u00a0\u00bb1\/2&Prime; css=\u00a0\u00bb.vc_custom_1578565519835{margin-bottom: 0px !important;border-bottom-width: 0px !important;padding-top: 40px !important;padding-right: 40px !important;padding-bottom: 10px !important;padding-left: 40px !important;}\u00a0\u00bb]<div class=\"ult-spacer spacer-69f4ac153d263\" data-id=\"69f4ac153d263\" data-height=\"40\" data-height-mobile=\"5\" data-height-tab=\"5\" data-height-tab-portrait=\"5\" data-height-mobile-landscape=\"5\" style=\"clear:both;display:block;\"><\/div>[vc_column_text]<\/p>\n<h1>\u00c9conomie d&rsquo;\u00e9nergie,<br \/>\nsant\u00e9 et s\u00e9curit\u00e9.<\/h1>\n<p>Un habitat sain est le r\u00e9sultat de l&rsquo;\u00e9quilibre harmonieux entre plusieurs \u00e9l\u00e9ments: salubrit\u00e9, s\u00e9curit\u00e9 et \u00e9conomie d&rsquo;\u00e9nergie. Dans ce contexte, le microclimat joue un r\u00f4le fondamental, car c&rsquo;est pr\u00e9cis\u00e9ment sa perception qui d\u00e9termine le v\u00e9ritable niveau de confort thermique.[\/vc_column_text]<style type=\"text\/css\" data-type=\"the7_shortcodes-inline-css\">#default-btn-7ee2992bc27b692a9696ae4ec9c052e7.ico-right-side > i {\n  margin-right: 0px;\n  margin-left: 8px;\n}\n#default-btn-7ee2992bc27b692a9696ae4ec9c052e7 > i {\n  margin-right: 8px;\n}<\/style><a href=\"#!\/cosa\" class=\"default-btn-shortcode dt-btn dt-btn-m link-hover-off anchor-link btn-inline-left \" id=\"default-btn-7ee2992bc27b692a9696ae4ec9c052e7\"><span>Qu&rsquo;est-ce que c\u2019est Diatherm?<\/span><\/a>[\/vc_column][vc_column width=\u00a0\u00bb1\/2&Prime; css=\u00a0\u00bb.vc_custom_1578565512828{margin-top: 0px !important;margin-bottom: 0px !important;border-top-width: 0px !important;border-bottom-width: 0px !important;padding-top: 0px !important;padding-bottom: 0px !important;}\u00a0\u00bb][vc_single_image image=\u00a0\u00bb1717&Prime; img_size=\u00a0\u00bbfull\u00a0\u00bb alignment=\u00a0\u00bbright\u00a0\u00bb image_hovers=\u00a0\u00bbfalse\u00a0\u00bb css=\u00a0\u00bb.vc_custom_1578651651026{margin-top: 0px !important;border-top-width: 0px !important;padding-top: 0px !important;}\u00a0\u00bb][\/vc_column][\/vc_row][vc_row el_id=\u00a0\u00bbcosa\u00a0\u00bb css=\u00a0\u00bb.vc_custom_1578565461368{margin-top: 0px !important;border-top-width: 0px !important;padding-top: 0px !important;}\u00a0\u00bb][vc_column width=\u00a0\u00bb3\/4&Prime; css=\u00a0\u00bb.vc_custom_1578565470868{margin-top: 0px !important;border-top-width: 0px !important;padding-top: 0px !important;}\u00a0\u00bb][vc_column_text css=\u00a0\u00bb.vc_custom_1589268719797{margin-top: 0px !important;border-top-width: 0px !important;padding-top: 0px !important;}\u00a0\u00bb]<\/p>\n<h1>Qu&rsquo;est-ce que c\u2019est Diatherm?<\/h1>\n<p><span style=\"color: #f67900;\"><strong>Le logiciel en ligne Diatherm pour le calcul dynamique est le r\u00e9sultat du partenariat entre Diasen et le D\u00e9partement de g\u00e9nie industriel et des sciences math\u00e9matiques de l&rsquo;Universit\u00e9 polytechnique de Marche. <\/strong><\/span><\/p>\n<p>Un projet de recherche qui a permis le d\u00e9veloppement d&rsquo;une application en ligne simple, rapide et intuitive pour effectuer des calculs thermiques en ligne avec le nouveau mod\u00e8le de calcul horaire dynamique propos\u00e9 par la norme EN ISO 52016-1. Le logiciel parvient \u00e0 reproduire, en fonction des conditions climatiques du territoire, la consommation et les conditions climatiques du b\u00e2timent dans son utilisation r\u00e9elle &#8230; heure par heure![\/vc_column_text][vc_row_inner][vc_column_inner width=\u00a0\u00bb1\/4&Prime;][vc_single_image image=\u00a0\u00bb1721&Prime; img_size=\u00a0\u00bbfull\u00a0\u00bb onclick=\u00a0\u00bbcustom_link\u00a0\u00bb img_link_target=\u00a0\u00bb_blank\u00a0\u00bb image_hovers=\u00a0\u00bbfalse\u00a0\u00bb link=\u00a0\u00bbhttps:\/\/www.diasen.com\/\u00a0\u00bb][\/vc_column_inner][vc_column_inner width=\u00a0\u00bb1\/4&Prime;][vc_single_image image=\u00a0\u00bb1722&Prime; img_size=\u00a0\u00bbfull\u00a0\u00bb onclick=\u00a0\u00bbcustom_link\u00a0\u00bb img_link_target=\u00a0\u00bb_blank\u00a0\u00bb image_hovers=\u00a0\u00bbfalse\u00a0\u00bb link=\u00a0\u00bbhttps:\/\/www.univpm.it\/\u00a0\u00bb][\/vc_column_inner][vc_column_inner width=\u00a0\u00bb1\/4&Prime;][\/vc_column_inner][vc_column_inner width=\u00a0\u00bb1\/4&Prime;][\/vc_column_inner][\/vc_row_inner][\/vc_column][vc_column width=\u00a0\u00bb1\/4&Prime; css=\u00a0\u00bb.vc_custom_1578565476453{margin-top: 0px !important;border-top-width: 0px !important;padding-top: 0px !important;}\u00a0\u00bb][\/vc_column][\/vc_row][vc_row full_width=\u00a0\u00bbstretch_row_content_no_spaces\u00a0\u00bb full_height=\u00a0\u00bbyes\u00a0\u00bb css=\u00a0\u00bb.vc_custom_1578482235862{margin-top: 0px !important;border-top-width: 0px !important;padding-top: 0px !important;}\u00a0\u00bb][vc_column width=\u00a0\u00bb1\/2&Prime; css=\u00a0\u00bb.vc_custom_1578481036218{margin-top: 0px !important;border-top-width: 0px !important;padding-top: 0px !important;}\u00a0\u00bb][vc_single_image image=\u00a0\u00bb1723&Prime; img_size=\u00a0\u00bbfull\u00a0\u00bb image_hovers=\u00a0\u00bbfalse\u00a0\u00bb css=\u00a0\u00bb.vc_custom_1578651669716{margin-top: 0px !important;border-top-width: 0px !important;padding-top: 0px !important;}\u00a0\u00bb][\/vc_column][vc_column width=\u00a0\u00bb1\/2&Prime; css=\u00a0\u00bb.vc_custom_1578481169676{padding-top: 40px !important;padding-right: 40px !important;padding-bottom: 40px !important;padding-left: 40px !important;}\u00a0\u00bb]<div class=\"ult-spacer spacer-69f4ac153d422\" data-id=\"69f4ac153d422\" data-height=\"40\" data-height-mobile=\"5\" data-height-tab=\"5\" data-height-tab-portrait=\"5\" data-height-mobile-landscape=\"5\" style=\"clear:both;display:block;\"><\/div>[vc_column_text]<\/p>\n<h2>La valeur du confort thermique<\/h2>\n<p>Les variables environnementales ne sont pas rares, car nous parlons de la temp\u00e9rature de l&rsquo;air, de la formation \u00e9ventuelle de moisissures et de condensation, du type d&rsquo;activit\u00e9s normalement effectu\u00e9es \u00e0 l&rsquo;int\u00e9rieur de la maison ainsi que du type de v\u00eatements port\u00e9s, sans oublier les diff\u00e9rents sensibilit\u00e9 thermique des individus. Pour cette raison, il est important, lors de la conception d&rsquo;un b\u00e2timent, d&rsquo;\u00e9tudier ad\u00e9quatement la valeur du confort thermique. Ceci, en tenant compte de la zone environnante: car c&rsquo;est pr\u00e9cis\u00e9ment \u00e0 partir de l&rsquo;attention minutieuse du climat local que commence la v\u00e9ritable \u00e9conomie d&rsquo;\u00e9nergie. Savoir concevoir en tenant compte des caract\u00e9ristiques climatiques de chaque environnement sp\u00e9cifique, c&rsquo;est construire de mani\u00e8re vraiment durable![\/vc_column_text][\/vc_column][\/vc_row][vc_row full_width=\u00a0\u00bbstretch_row\u00a0\u00bb bg_type=\u00a0\u00bbbg_color\u00a0\u00bb seperator_enable=\u00a0\u00bbseperator_enable_value\u00a0\u00bb seperator_type=\u00a0\u00bbxlarge_circle_seperator\u00a0\u00bb seperator_position=\u00a0\u00bbtop_bottom_seperator\u00a0\u00bb seperator_svg_height=\u00a0\u00bb100&Prime; seperator_shape_background=\u00a0\u00bb#ffffff\u00a0\u00bb el_id=\u00a0\u00bbchi\u00a0\u00bb bg_color_value=\u00a0\u00bb#f67900&Prime;][vc_column width=\u00a0\u00bb1\/6&Prime;][\/vc_column][vc_column width=\u00a0\u00bb2\/3&Prime;]<div class=\"ult-spacer spacer-69f4ac153d44f\" data-id=\"69f4ac153d44f\" data-height=\"40\" data-height-mobile=\"5\" data-height-tab=\"5\" data-height-tab-portrait=\"5\" data-height-mobile-landscape=\"5\" style=\"clear:both;display:block;\"><\/div>[vc_column_text]<\/p>\n<h1 style=\"text-align: center;\"><span style=\"color: #ffffff;\">\u00c0 qui est-il destin\u00e9?<\/span><\/h1>\n<p style=\"text-align: center;\"><span style=\"color: #ffffff;\">Un logiciel cr\u00e9\u00e9 pour identifier la meilleure solution technologique pour l&rsquo;isolation thermique \u00e9t\u00e9 comme hiver. Un outil intelligent et imm\u00e9diat destin\u00e9 au r\u00e9seau de designers (ing\u00e9nieurs, architectes et tous ceux qui ont besoin d&rsquo;effectuer des calculs thermiques). Le logiciel est adapt\u00e9 pour r\u00e9soudre en particulier le probl\u00e8me de la surchauffe estivale. Une application cr\u00e9\u00e9e pour r\u00e9pondre au plus grand d\u00e9fi d&rsquo;aujourd&rsquo;hui et de demain: optimiser les \u00e9conomies d&rsquo;\u00e9nergie et maximiser le confort de vie. Le tout sans avoir \u00e0 saisir une multiplicit\u00e9 de donn\u00e9es difficiles \u00e0 trouver et \u00e0 interpr\u00e9ter.<br \/>\n<\/span><\/p>\n<p>[\/vc_column_text][\/vc_column][vc_column width=\u00a0\u00bb1\/6&Prime;][\/vc_column][vc_column][vc_row_inner][vc_column_inner width=\u00a0\u00bb1\/3&Prime;]<div class=\"aio-icon-component    style_1\"><div id=\"Info-box-wrap-5244\" class=\"aio-icon-box left-icon\" style=\"\"  ><div class=\"aio-icon-left\"><div class=\"ult-just-icon-wrapper  \"><div class=\"align-icon\" style=\"text-align:center;\">\n<div class=\"aio-icon none \"  style=\"color:#ffffff;font-size:50px;display:inline-block;\">\n\t<i class=\"icomoon-the7-font-the7-arrow-43\"><\/i>\n<\/div><\/div><\/div><\/div><div class=\"aio-ibd-block\"><div class=\"aio-icon-header\" ><h3 class=\"aio-icon-title ult-responsive\"  data-ultimate-target='#Info-box-wrap-5244 .aio-icon-title'  data-responsive-json-new='{\"font-size\":\"desktop:30px;\",\"line-height\":\"desktop:40px;\"}'  style=\"color:#ffffff;\">Architectes<\/h3><\/div> <!-- header --><div class=\"aio-icon-description ult-responsive\"  data-ultimate-target='#Info-box-wrap-5244 .aio-icon-description'  data-responsive-json-new='{\"font-size\":\"\",\"line-height\":\"\"}'  style=\"color:#ffffff;\">Pour les architectes \u00e0 la recherche de solutions durables, d&rsquo;un logiciel intelligent et fonctionnel pour calculer le confort thermique et les \u00e9conomies d&rsquo;\u00e9nergie.<\/div> <!-- description --><\/div> <!-- aio-ibd-block --><\/div> <!-- aio-icon-box --><\/div> <!-- aio-icon-component -->[\/vc_column_inner][vc_column_inner width=\u00a0\u00bb1\/3&Prime;]<div class=\"aio-icon-component    style_1\"><div id=\"Info-box-wrap-9961\" class=\"aio-icon-box left-icon\" style=\"\"  ><div class=\"aio-icon-left\"><div class=\"ult-just-icon-wrapper  \"><div class=\"align-icon\" style=\"text-align:center;\">\n<div class=\"aio-icon none \"  style=\"color:#ffffff;font-size:50px;display:inline-block;\">\n\t<i class=\"icomoon-the7-font-the7-arrow-43\"><\/i>\n<\/div><\/div><\/div><\/div><div class=\"aio-ibd-block\"><div class=\"aio-icon-header\" ><h3 class=\"aio-icon-title ult-responsive\"  data-ultimate-target='#Info-box-wrap-9961 .aio-icon-title'  data-responsive-json-new='{\"font-size\":\"desktop:30px;\",\"line-height\":\"desktop:40px;\"}'  style=\"color:#ffffff;\">Ing\u00e9nieurs<\/h3><\/div> <!-- header --><div class=\"aio-icon-description ult-responsive\"  data-ultimate-target='#Info-box-wrap-9961 .aio-icon-description'  data-responsive-json-new='{\"font-size\":\"\",\"line-height\":\"\"}'  style=\"color:#ffffff;\">C&rsquo;est l&rsquo;outil id\u00e9al pour les ing\u00e9nieurs engag\u00e9s dans l&rsquo;\u00e9valuation des besoins \u00e9nerg\u00e9tiques car il garantit l&rsquo;efficacit\u00e9 des calculs et la pr\u00e9cision des r\u00e9sultats.<\/div> <!-- description --><\/div> <!-- aio-ibd-block --><\/div> <!-- aio-icon-box --><\/div> <!-- aio-icon-component -->[\/vc_column_inner][vc_column_inner width=\u00a0\u00bb1\/3&Prime;]<div class=\"aio-icon-component    style_1\"><div id=\"Info-box-wrap-1088\" class=\"aio-icon-box left-icon\" style=\"\"  ><div class=\"aio-icon-left\"><div class=\"ult-just-icon-wrapper  \"><div class=\"align-icon\" style=\"text-align:center;\">\n<div class=\"aio-icon none \"  style=\"color:#ffffff;font-size:50px;display:inline-block;\">\n\t<i class=\"icomoon-the7-font-the7-arrow-43\"><\/i>\n<\/div><\/div><\/div><\/div><div class=\"aio-ibd-block\"><div class=\"aio-icon-header\" ><h3 class=\"aio-icon-title ult-responsive\"  data-ultimate-target='#Info-box-wrap-1088 .aio-icon-title'  data-responsive-json-new='{\"font-size\":\"desktop:30px;\",\"line-height\":\"desktop:40px;\"}'  style=\"color:#ffffff;\">Professionnels<\/h3><\/div> <!-- header --><div class=\"aio-icon-description ult-responsive\"  data-ultimate-target='#Info-box-wrap-1088 .aio-icon-description'  data-responsive-json-new='{\"font-size\":\"\",\"line-height\":\"\"}'  style=\"color:#ffffff;\">Une aide intuitive et efficace, conforme aux normes europ\u00e9ennes, pour les professionnels qui souhaitent des r\u00e9ponses techniques sur le confort thermique.<\/div> <!-- description --><\/div> <!-- aio-ibd-block --><\/div> <!-- aio-icon-box --><\/div> <!-- aio-icon-component -->[\/vc_column_inner][vc_column_inner]<div class=\"ult-spacer spacer-69f4ac153d77e\" data-id=\"69f4ac153d77e\" data-height=\"50\" data-height-mobile=\"5\" data-height-tab=\"5\" data-height-tab-portrait=\"5\" data-height-mobile-landscape=\"5\" style=\"clear:both;display:block;\"><\/div>[\/vc_column_inner][\/vc_row_inner][\/vc_column][\/vc_row][vc_row el_id=\u00a0\u00bbvantaggi\u00a0\u00bb][vc_column][vc_column_text]<\/p>\n<h1 style=\"text-align: center;\">De r\u00e9els avantages, du micro au macro<\/h1>\n<p style=\"text-align: center;\">L&rsquo;analyse de tous les param\u00e8tres et variables qui influencent le comportement d&rsquo;un b\u00e2timent permet une \u00e9valuation beaucoup plus r\u00e9aliste et pr\u00e9cise du bilan \u00e9nerg\u00e9tique global. Le nouveau mod\u00e8le prend en compte:<\/p>\n<p>[\/vc_column_text][\/vc_column][vc_column][vc_row_inner gap=\u00a0\u00bb35&Prime; css=\u00a0\u00bb.vc_custom_1578570902593{padding-right: 20px !important;padding-left: 20px !important;}\u00a0\u00bb][vc_column_inner width=\u00a0\u00bb1\/3&Prime;][vc_column_text]<img loading=\"lazy\" decoding=\"async\" class=\"alignnone wp-image-1516\" src=\"https:\/\/www.diatherm.net\/wp-content\/uploads\/2020\/01\/home.png\" alt=\"\" width=\"90\" height=\"90\" srcset=\"https:\/\/www.diatherm.net\/wp-content\/uploads\/2020\/01\/home.png 256w, https:\/\/www.diatherm.net\/wp-content\/uploads\/2020\/01\/home-150x150.png 150w\" sizes=\"auto, (max-width: 90px) 100vw, 90px\" \/><\/p>\n<h3>L&rsquo;inertie thermique de l&rsquo;enveloppe du b\u00e2timent.<\/h3>\n<p>[\/vc_column_text][\/vc_column_inner][vc_column_inner width=\u00a0\u00bb1\/3&Prime;][vc_column_text]<img loading=\"lazy\" decoding=\"async\" class=\"alignnone wp-image-1519\" src=\"https:\/\/www.diatherm.net\/wp-content\/uploads\/2020\/01\/gas.png\" alt=\"\" width=\"90\" height=\"90\" srcset=\"https:\/\/www.diatherm.net\/wp-content\/uploads\/2020\/01\/gas.png 256w, https:\/\/www.diatherm.net\/wp-content\/uploads\/2020\/01\/gas-150x150.png 150w\" sizes=\"auto, (max-width: 90px) 100vw, 90px\" \/><\/p>\n<h3 style=\"text-align: left;\">La variation des conditions d&rsquo;utilisation des chambres.<\/h3>\n<p>[\/vc_column_text][\/vc_column_inner][vc_column_inner width=\u00a0\u00bb1\/3&Prime;][vc_column_text]<img loading=\"lazy\" decoding=\"async\" class=\"alignnone wp-image-1522\" src=\"https:\/\/www.diatherm.net\/wp-content\/uploads\/2020\/01\/sun.png\" alt=\"\" width=\"90\" height=\"90\" srcset=\"https:\/\/www.diatherm.net\/wp-content\/uploads\/2020\/01\/sun.png 256w, https:\/\/www.diatherm.net\/wp-content\/uploads\/2020\/01\/sun-150x150.png 150w\" sizes=\"auto, (max-width: 90px) 100vw, 90px\" \/><\/p>\n<h3 style=\"text-align: left;\">Apports solaires.<\/h3>\n<p>[\/vc_column_text][\/vc_column_inner][\/vc_row_inner][vc_row_inner gap=\u00a0\u00bb10&Prime; css=\u00a0\u00bb.vc_custom_1578570898512{padding-right: 20px !important;padding-left: 20px !important;}\u00a0\u00bb][vc_column_inner width=\u00a0\u00bb1\/3&Prime;][vc_column_text]<img loading=\"lazy\" decoding=\"async\" class=\"alignnone wp-image-1521\" src=\"https:\/\/www.diatherm.net\/wp-content\/uploads\/2020\/01\/green.png\" alt=\"\" width=\"90\" height=\"90\" srcset=\"https:\/\/www.diatherm.net\/wp-content\/uploads\/2020\/01\/green.png 256w, https:\/\/www.diatherm.net\/wp-content\/uploads\/2020\/01\/green-150x150.png 150w\" sizes=\"auto, (max-width: 90px) 100vw, 90px\" \/><\/p>\n<h3>L&rsquo;\u00e9volution des conditions climatiques externes.<\/h3>\n<p>[\/vc_column_text][\/vc_column_inner][vc_column_inner width=\u00a0\u00bb1\/3&Prime;][vc_column_text]<img loading=\"lazy\" decoding=\"async\" class=\"alignnone wp-image-1523\" src=\"https:\/\/www.diatherm.net\/wp-content\/uploads\/2020\/01\/celsius.png\" alt=\"\" width=\"90\" height=\"90\" srcset=\"https:\/\/www.diatherm.net\/wp-content\/uploads\/2020\/01\/celsius.png 256w, https:\/\/www.diatherm.net\/wp-content\/uploads\/2020\/01\/celsius-150x150.png 150w\" sizes=\"auto, (max-width: 90px) 100vw, 90px\" \/><\/p>\n<h3 style=\"text-align: left;\">La variation des diff\u00e9rentes temp\u00e9ratures dans un lieu sp\u00e9cifique tout au long de la journ\u00e9e.<\/h3>\n<p>[\/vc_column_text][\/vc_column_inner][vc_column_inner width=\u00a0\u00bb1\/3&Prime;][\/vc_column_inner][\/vc_row_inner]<div class=\"ult-spacer spacer-69f4ac153d7a1\" data-id=\"69f4ac153d7a1\" data-height=\"40\" data-height-mobile=\"5\" data-height-tab=\"5\" data-height-tab-portrait=\"5\" data-height-mobile-landscape=\"5\" style=\"clear:both;display:block;\"><\/div><div class=\"ult-spacer spacer-69f4ac153d7c0\" data-id=\"69f4ac153d7c0\" data-height=\"40\" data-height-mobile=\"5\" data-height-tab=\"5\" data-height-tab-portrait=\"5\" data-height-mobile-landscape=\"5\" style=\"clear:both;display:block;\"><\/div>[\/vc_column][\/vc_row][vc_row][vc_column][vc_message message_box_style=\u00a0\u00bbsolid-icon\u00a0\u00bb]<\/p>\n<p style=\"font-size: 13px;\">La nouvelle r\u00e9glementation thermique UNI EN ISO 52016-1: 2018 du 1er mars 2018 a officiellement remplac\u00e9 UNI EN ISO 13790, rempla\u00e7ant l&rsquo;ancienne m\u00e9thode de calcul saisonnier et mensuel. Mais quelles sont ses principales caract\u00e9ristiques?<\/p>\n<ul>\n<li style=\"list-style-type: none;\">\n<ul>\n<li>\n<p style=\"font-size: 13px;\">Une nouvelle m\u00e9thode de calcul horaire dynamique pour le chauffage et le refroidissement<\/p>\n<\/li>\n<li>\n<p style=\"font-size: 13px;\">Une int\u00e9gration fonctionnelle de la m\u00e9thode de calcul des charges thermiques (hiver et \u00e9t\u00e9)<\/p>\n<\/li>\n<li>\n<p style=\"font-size: 13px;\">Il garantit des r\u00e9sultats plus fiables car il prend en compte les conditions r\u00e9elles d&rsquo;utilisation du b\u00e2timent<\/p>\n<\/li>\n<li>\n<p style=\"font-size: 13px;\">Un mod\u00e8le compr\u00e9hensible, hautement reproductible et transparent<\/p>\n<\/li>\n<\/ul>\n<\/li>\n<\/ul>\n<p>[\/vc_message][\/vc_column][\/vc_row][vc_row css=\u00a0\u00bb.vc_custom_1578565176109{padding-top: 30px !important;padding-bottom: 30px !important;}\u00a0\u00bb][vc_column width=\u00a0\u00bb1\/6&Prime;][\/vc_column][vc_column width=\u00a0\u00bb2\/3&Prime; css=\u00a0\u00bb.vc_custom_1578565096776{border-left-width: 2px !important;padding-left: 20px !important;border-left-color: #f67900 !important;border-left-style: solid !important;border-radius: 2px !important;}\u00a0\u00bb][vc_column_text]<\/p>\n<h2><em>La philosophie de la construction m\u00e9diterran\u00e9enne<\/em><\/h2>\n<p><em>Le mod\u00e8le \u00ab\u00a0Construire M\u00e9diterran\u00e9e\u00a0\u00bb est la synth\u00e8se de la tradition et de l&rsquo;innovation dans le monde de la construction, car il combine la qualit\u00e9 et l&rsquo;efficacit\u00e9 des mati\u00e8res premi\u00e8res naturelles avec le haut niveau technologique des produits &#8211; la soi-disant \u00ab\u00a0intelligence des mat\u00e9riaux\u00a0\u00bb. Cette philosophie embrasse pleinement le d\u00e9fi de l&rsquo;avenir pour l&rsquo;ensemble du monde de la construction, celui de cr\u00e9er des b\u00e2timents durables dans le respect de l&rsquo;environnement et de la sant\u00e9 humaine.<br \/>\n\u00abConstruire M\u00e9diterran\u00e9e\u00bb signifie prot\u00e9ger les maisons non seulement du froid, mais aussi de la chaleur, en garantissant des \u00e9conomies d&rsquo;\u00e9nergie maximales. Le li\u00e8ge repr\u00e9sente le symbole par excellence de cette vision, car c&rsquo;est un mat\u00e9riau pr\u00e9cieux et naturel, n\u00e9 en Europe de l&rsquo;Ouest, renouvelable, durable, l\u00e9ger, avec de tr\u00e8s hautes performances en termes d&rsquo;isolation thermique \u00e9t\u00e9 comme hiver.<br \/>\n<\/em>[\/vc_column_text][\/vc_column][vc_column width=\u00a0\u00bb1\/6&Prime;][\/vc_column][\/vc_row][vc_row full_width=\u00a0\u00bbstretch_row\u00a0\u00bb bg_type=\u00a0\u00bbimage\u00a0\u00bb parallax_style=\u00a0\u00bbvcpb-default\u00a0\u00bb bg_image_new=\u00a0\u00bbid^1452|url^https:\/\/www.diatherm.net\/wp-content\/uploads\/2020\/01\/diatherm_bg_cover-1.jpg|caption^null|alt^null|title^diatherm_bg_cover|description^null\u00a0\u00bb bg_image_repeat=\u00a0\u00bbno-repeat\u00a0\u00bb enable_overlay=\u00a0\u00bbenable_overlay_value\u00a0\u00bb overlay_color=\u00a0\u00bbrgba(0,0,0,0.61)\u00a0\u00bb][vc_column width=\u00a0\u00bb1\/12&Prime;][\/vc_column][vc_column width=\u00a0\u00bb5\/6&Prime;]<div class=\"ult-spacer spacer-69f4ac153d7dc\" data-id=\"69f4ac153d7dc\" data-height=\"60\" data-height-mobile=\"10\" data-height-tab=\"10\" data-height-tab-portrait=\"10\" data-height-mobile-landscape=\"10\" style=\"clear:both;display:block;\"><\/div><div class=\"ult-spacer spacer-69f4ac153d7f8\" data-id=\"69f4ac153d7f8\" data-height=\"60\" data-height-mobile=\"10\" data-height-tab=\"10\" data-height-tab-portrait=\"10\" data-height-mobile-landscape=\"10\" style=\"clear:both;display:block;\"><\/div>[vc_column_text]<\/p>\n<h1 style=\"text-align: center;\"><span style=\"color: #ffffff;\">Qu&rsquo;attendez-vous?<\/span><\/h1>\n<h3 style=\"text-align: center;\"><span style=\"color: #ffffff;\">Inscrivez-vous maintenant pour profiter de tous les avantages Diatherm. En vous inscrivant, vous aurez \u00e9galement la possibilit\u00e9 d&rsquo;\u00eatre toujours \u00e0 jour sur toutes les \u00ab\u00a0news formation\u00a0\u00bb en mati\u00e8re de d\u00e9veloppement durable et d&rsquo;\u00e9conomie d&rsquo;\u00e9nergie de la Diasen Academy!<\/span><\/h3>\n<p>[\/vc_column_text]<style type=\"text\/css\" data-type=\"the7_shortcodes-inline-css\">#default-btn-d9ab120b3ac5173e4d7d71e12aae3e88.ico-right-side > i {\n  margin-right: 0px;\n  margin-left: 8px;\n}\n#default-btn-d9ab120b3ac5173e4d7d71e12aae3e88 > i {\n  margin-right: 8px;\n}<\/style><div class=\"btn-align-center\"><a href=\"https:\/\/bit.ly\/accedi-registrati\" class=\"default-btn-shortcode dt-btn dt-btn-m link-hover-off \" target=\"_blank\" id=\"default-btn-d9ab120b3ac5173e4d7d71e12aae3e88\" rel=\"noopener\"><span>Inscrivez-vous maintenant!<\/span><\/a><\/div><div class=\"ult-spacer spacer-69f4ac153d8c9\" data-id=\"69f4ac153d8c9\" data-height=\"60\" data-height-mobile=\"10\" data-height-tab=\"10\" data-height-tab-portrait=\"10\" data-height-mobile-landscape=\"10\" style=\"clear:both;display:block;\"><\/div><div class=\"ult-spacer spacer-69f4ac153d8e8\" data-id=\"69f4ac153d8e8\" data-height=\"60\" data-height-mobile=\"10\" data-height-tab=\"10\" data-height-tab-portrait=\"10\" data-height-mobile-landscape=\"10\" style=\"clear:both;display:block;\"><\/div>[\/vc_column][vc_column width=\u00a0\u00bb1\/12&Prime;][\/vc_column][\/vc_row]<\/p>\n<\/div>","protected":false},"excerpt":{"rendered":"<p>[vc_row full_width=\u00a0\u00bbstretch_row_content_no_spaces\u00a0\u00bb full_height=\u00a0\u00bbyes\u00a0\u00bb css=\u00a0\u00bb.vc_custom_1578565499717{margin-top: 0px !important;margin-bottom: 0px !important;border-top-width: 0px !important;border-bottom-width: 0px !important;padding-top: 0px !important;padding-bottom: 0px !important;}\u00a0\u00bb][vc_column width=\u00a0\u00bb1\/2&Prime; css=\u00a0\u00bb.vc_custom_1578565519835{margin-bottom: 0px !important;border-bottom-width: 0px !important;padding-top: 40px !important;padding-right: 40px !important;padding-bottom: 10px !important;padding-left: 40px !important;}\u00a0\u00bb][vc_column_text] \u00c9conomie d&rsquo;\u00e9nergie, sant\u00e9 et s\u00e9curit\u00e9. Un habitat sain est le r\u00e9sultat de l&rsquo;\u00e9quilibre harmonieux entre plusieurs \u00e9l\u00e9ments: salubrit\u00e9, s\u00e9curit\u00e9 et \u00e9conomie d&rsquo;\u00e9nergie. Dans ce contexte,&hellip;<\/p>\n","protected":false},"author":1,"featured_media":0,"parent":0,"menu_order":0,"comment_status":"closed","ping_status":"closed","template":"","meta":{"footnotes":""},"class_list":["post-1713","page","type-page","status-publish","hentry","description-off"],"_links":{"self":[{"href":"https:\/\/www.diatherm.net\/fr\/wp-json\/wp\/v2\/pages\/1713","targetHints":{"allow":["GET"]}}],"collection":[{"href":"https:\/\/www.diatherm.net\/fr\/wp-json\/wp\/v2\/pages"}],"about":[{"href":"https:\/\/www.diatherm.net\/fr\/wp-json\/wp\/v2\/types\/page"}],"author":[{"embeddable":true,"href":"https:\/\/www.diatherm.net\/fr\/wp-json\/wp\/v2\/users\/1"}],"replies":[{"embeddable":true,"href":"https:\/\/www.diatherm.net\/fr\/wp-json\/wp\/v2\/comments?post=1713"}],"version-history":[{"count":3,"href":"https:\/\/www.diatherm.net\/fr\/wp-json\/wp\/v2\/pages\/1713\/revisions"}],"predecessor-version":[{"id":1730,"href":"https:\/\/www.diatherm.net\/fr\/wp-json\/wp\/v2\/pages\/1713\/revisions\/1730"}],"wp:attachment":[{"href":"https:\/\/www.diatherm.net\/fr\/wp-json\/wp\/v2\/media?parent=1713"}],"curies":[{"name":"wp","href":"https:\/\/api.w.org\/{rel}","templated":true}]}}