{"id":1736,"date":"2020-05-12T10:52:53","date_gmt":"2020-05-12T08:52:53","guid":{"rendered":"https:\/\/www.diatherm.net\/?page_id=1736"},"modified":"2020-05-12T11:01:22","modified_gmt":"2020-05-12T09:01:22","slug":"home-pt","status":"publish","type":"page","link":"https:\/\/www.diatherm.net\/pt-pt\/","title":{"rendered":"HOME PT"},"content":{"rendered":"<div class=\"wpb-content-wrapper\"><p>[vc_row full_width=&#8221;stretch_row_content_no_spaces&#8221; full_height=&#8221;yes&#8221; css=&#8221;.vc_custom_1578565499717{margin-top: 0px !important;margin-bottom: 0px !important;border-top-width: 0px !important;border-bottom-width: 0px !important;padding-top: 0px !important;padding-bottom: 0px !important;}&#8221;][vc_column width=&#8221;1\/2&#8243; css=&#8221;.vc_custom_1578565519835{margin-bottom: 0px !important;border-bottom-width: 0px !important;padding-top: 40px !important;padding-right: 40px !important;padding-bottom: 10px !important;padding-left: 40px !important;}&#8221;]<div class=\"ult-spacer spacer-69f20dd3c53bb\" data-id=\"69f20dd3c53bb\" data-height=\"40\" data-height-mobile=\"5\" data-height-tab=\"5\" data-height-tab-portrait=\"5\" data-height-mobile-landscape=\"5\" style=\"clear:both;display:block;\"><\/div>[vc_column_text]<\/p>\n<h1>Sa\u00fade, seguran\u00e7a e<br \/>\neconomia de energia<\/h1>\n<p>O bem-estar das fam\u00edlias \u00e9 o resultado do equil\u00edbrio harmonioso entre v\u00e1rios elementos: sa\u00fade, seguran\u00e7a e economia de energia. Nesse contexto, o microclima desempenha um papel fundamental, pois \u00e9 precisamente a perce\u00e7\u00e3o do mesmo que determina o verdadeiro n\u00edvel de conforto t\u00e9rmico.[\/vc_column_text]<style type=\"text\/css\" data-type=\"the7_shortcodes-inline-css\">#default-btn-7ee2992bc27b692a9696ae4ec9c052e7.ico-right-side > i {\n  margin-right: 0px;\n  margin-left: 8px;\n}\n#default-btn-7ee2992bc27b692a9696ae4ec9c052e7 > i {\n  margin-right: 8px;\n}<\/style><a href=\"#!\/cosa\" class=\"default-btn-shortcode dt-btn dt-btn-m link-hover-off anchor-link btn-inline-left \" id=\"default-btn-7ee2992bc27b692a9696ae4ec9c052e7\"><span>O que \u00e9 o Diatherm?<\/span><\/a>[\/vc_column][vc_column width=&#8221;1\/2&#8243; css=&#8221;.vc_custom_1578565512828{margin-top: 0px !important;margin-bottom: 0px !important;border-top-width: 0px !important;border-bottom-width: 0px !important;padding-top: 0px !important;padding-bottom: 0px !important;}&#8221;][vc_single_image image=&#8221;1740&#8243; img_size=&#8221;full&#8221; alignment=&#8221;right&#8221; image_hovers=&#8221;false&#8221; css=&#8221;.vc_custom_1578651651026{margin-top: 0px !important;border-top-width: 0px !important;padding-top: 0px !important;}&#8221;][\/vc_column][\/vc_row][vc_row el_id=&#8221;cosa&#8221; css=&#8221;.vc_custom_1578565461368{margin-top: 0px !important;border-top-width: 0px !important;padding-top: 0px !important;}&#8221;][vc_column width=&#8221;3\/4&#8243; css=&#8221;.vc_custom_1578565470868{margin-top: 0px !important;border-top-width: 0px !important;padding-top: 0px !important;}&#8221;][vc_column_text css=&#8221;.vc_custom_1589273722317{margin-top: 0px !important;border-top-width: 0px !important;padding-top: 0px !important;}&#8221;]<\/p>\n<h1>O que \u00e9 o Diatherm?<\/h1>\n<p><span style=\"color: #f67900;\"><strong>O software online Diatherm para c\u00e1lculo din\u00e2mico \u00e9 o resultado da parceria entre Diasen S.r.l. e o Departamento de Engenharia Industrial e Ci\u00eancias Matem\u00e1ticas da Universidade Polit\u00e9cnica da Regi\u00e3o de Marche.<\/strong><\/span><\/p>\n<p>Um projeto de pesquisa que permitiu o desenvolvimento de um aplicativo on-line simples, r\u00e1pido e intuitivo para realizar c\u00e1lculos t\u00e9rmicos de acordo com o novo modelo de c\u00e1lculo hor\u00e1rio din\u00e2mico proposto pela norma EN ISO 52016-1. O software consegue reproduzir, em rela\u00e7\u00e3o \u00e0s condi\u00e7\u00f5es clim\u00e1ticas do territ\u00f3rio, as condi\u00e7\u00f5es de consumo e clima do edif\u00edcio na sua utiliza\u00e7\u00e3o real \u2026 hora a hora![\/vc_column_text][vc_row_inner][vc_column_inner width=&#8221;1\/4&#8243;][vc_single_image image=&#8221;1744&#8243; img_size=&#8221;full&#8221; onclick=&#8221;custom_link&#8221; img_link_target=&#8221;_blank&#8221; image_hovers=&#8221;false&#8221; link=&#8221;https:\/\/www.diasen.com\/&#8221;][\/vc_column_inner][vc_column_inner width=&#8221;1\/4&#8243;][vc_single_image image=&#8221;1745&#8243; img_size=&#8221;full&#8221; onclick=&#8221;custom_link&#8221; img_link_target=&#8221;_blank&#8221; image_hovers=&#8221;false&#8221; link=&#8221;https:\/\/www.univpm.it\/&#8221;][\/vc_column_inner][vc_column_inner width=&#8221;1\/4&#8243;][\/vc_column_inner][vc_column_inner width=&#8221;1\/4&#8243;][\/vc_column_inner][\/vc_row_inner][\/vc_column][vc_column width=&#8221;1\/4&#8243; css=&#8221;.vc_custom_1578565476453{margin-top: 0px !important;border-top-width: 0px !important;padding-top: 0px !important;}&#8221;][\/vc_column][\/vc_row][vc_row full_width=&#8221;stretch_row_content_no_spaces&#8221; full_height=&#8221;yes&#8221; css=&#8221;.vc_custom_1578482235862{margin-top: 0px !important;border-top-width: 0px !important;padding-top: 0px !important;}&#8221;][vc_column width=&#8221;1\/2&#8243; css=&#8221;.vc_custom_1578481036218{margin-top: 0px !important;border-top-width: 0px !important;padding-top: 0px !important;}&#8221;][vc_single_image image=&#8221;1746&#8243; img_size=&#8221;full&#8221; image_hovers=&#8221;false&#8221; css=&#8221;.vc_custom_1578651669716{margin-top: 0px !important;border-top-width: 0px !important;padding-top: 0px !important;}&#8221;][\/vc_column][vc_column width=&#8221;1\/2&#8243; css=&#8221;.vc_custom_1578481169676{padding-top: 40px !important;padding-right: 40px !important;padding-bottom: 40px !important;padding-left: 40px !important;}&#8221;]<div class=\"ult-spacer spacer-69f20dd3c54eb\" data-id=\"69f20dd3c54eb\" data-height=\"40\" data-height-mobile=\"5\" data-height-tab=\"5\" data-height-tab-portrait=\"5\" data-height-mobile-landscape=\"5\" style=\"clear:both;display:block;\"><\/div>[vc_column_text]<\/p>\n<h2>O valor do conforto t\u00e9rmico<\/h2>\n<p>As vari\u00e1veis ambientais n\u00e3o s\u00e3o poucas, como a temperatura do ar, o potencial de forma\u00e7\u00e3o de humidades e condensa\u00e7\u00e3o, o tipo de atividades normalmente realizadas em casa e o tipo de roupa usada, sem mencionar a diferente sensibilidade t\u00e9rmica de cada indiv\u00edduo. Por esse motivo, ao projetar um edif\u00edcio, \u00e9 importante estudar adequadamente o conforto t\u00e9rmico. Isso, levando em considera\u00e7\u00e3o a \u00e1rea circundante: porque \u00e9 da aten\u00e7\u00e3o detalhada do clima local que come\u00e7a a economia real de energia. Saber projetar, levando em considera\u00e7\u00e3o as caracter\u00edsticas clim\u00e1ticas de cada ambiente espec\u00edfico, significa construir de uma maneira verdadeiramente sustent\u00e1vel![\/vc_column_text][\/vc_column][\/vc_row][vc_row full_width=&#8221;stretch_row&#8221; bg_type=&#8221;bg_color&#8221; seperator_enable=&#8221;seperator_enable_value&#8221; seperator_type=&#8221;xlarge_circle_seperator&#8221; seperator_position=&#8221;top_bottom_seperator&#8221; seperator_svg_height=&#8221;100&#8243; seperator_shape_background=&#8221;#ffffff&#8221; el_id=&#8221;chi&#8221; bg_color_value=&#8221;#f67900&#8243;][vc_column width=&#8221;1\/6&#8243;][\/vc_column][vc_column width=&#8221;2\/3&#8243;]<div class=\"ult-spacer spacer-69f20dd3c5515\" data-id=\"69f20dd3c5515\" data-height=\"40\" data-height-mobile=\"5\" data-height-tab=\"5\" data-height-tab-portrait=\"5\" data-height-mobile-landscape=\"5\" style=\"clear:both;display:block;\"><\/div>[vc_column_text]<\/p>\n<h1 style=\"text-align: center;\"><span style=\"color: #ffffff;\">A quem se destina?<\/span><\/h1>\n<p style=\"text-align: center;\"><span style=\"color: #ffffff;\">O Diatherm pode ser usado por arquitetos, engenheiros e por todos os profissionais envolvidos na avalia\u00e7\u00e3o das necessidades energ\u00e9ticas dos edif\u00edcios e, consequentemente, interessados em identificar a melhor solu\u00e7\u00e3o tecnol\u00f3gica para o isolamento t\u00e9rmico no ver\u00e3o e no inverno. Um software inteligente, uma ferramenta perfeita e imediata para enfrentar, em particular, o problema do superaquecimento no ver\u00e3o. Um aplicativo criado para responder ao maior desafio de hoje e de amanh\u00e3: otimizar a economia de energia e maximizar o conforto da vida. Tudo isso sem a necessidade de adicionar uma enorme quantidade de dados dif\u00edceis de encontrar e interpretar.<br \/>\n<\/span><\/p>\n<p>[\/vc_column_text][\/vc_column][vc_column width=&#8221;1\/6&#8243;][\/vc_column][vc_column][vc_row_inner][vc_column_inner width=&#8221;1\/3&#8243;]<div class=\"aio-icon-component    style_1\"><div id=\"Info-box-wrap-8864\" class=\"aio-icon-box left-icon\" style=\"\"  ><div class=\"aio-icon-left\"><div class=\"ult-just-icon-wrapper  \"><div class=\"align-icon\" style=\"text-align:center;\">\n<div class=\"aio-icon none \"  style=\"color:#ffffff;font-size:50px;display:inline-block;\">\n\t<i class=\"icomoon-the7-font-the7-arrow-43\"><\/i>\n<\/div><\/div><\/div><\/div><div class=\"aio-ibd-block\"><div class=\"aio-icon-header\" ><h3 class=\"aio-icon-title ult-responsive\"  data-ultimate-target='#Info-box-wrap-8864 .aio-icon-title'  data-responsive-json-new='{\"font-size\":\"desktop:30px;\",\"line-height\":\"desktop:40px;\"}'  style=\"color:#ffffff;\">Arquitetos<\/h3><\/div> <!-- header --><div class=\"aio-icon-description ult-responsive\"  data-ultimate-target='#Info-box-wrap-8864 .aio-icon-description'  data-responsive-json-new='{\"font-size\":\"\",\"line-height\":\"\"}'  style=\"color:#ffffff;\">Um software inteligente e funcional para o c\u00e1lculo do conforto t\u00e9rmico e economia de energia, para arquitetos que buscam solu\u00e7\u00f5es sustent\u00e1veis.<\/div> <!-- description --><\/div> <!-- aio-ibd-block --><\/div> <!-- aio-icon-box --><\/div> <!-- aio-icon-component -->[\/vc_column_inner][vc_column_inner width=&#8221;1\/3&#8243;]<div class=\"aio-icon-component    style_1\"><div id=\"Info-box-wrap-7380\" class=\"aio-icon-box left-icon\" style=\"\"  ><div class=\"aio-icon-left\"><div class=\"ult-just-icon-wrapper  \"><div class=\"align-icon\" style=\"text-align:center;\">\n<div class=\"aio-icon none \"  style=\"color:#ffffff;font-size:50px;display:inline-block;\">\n\t<i class=\"icomoon-the7-font-the7-arrow-43\"><\/i>\n<\/div><\/div><\/div><\/div><div class=\"aio-ibd-block\"><div class=\"aio-icon-header\" ><h3 class=\"aio-icon-title ult-responsive\"  data-ultimate-target='#Info-box-wrap-7380 .aio-icon-title'  data-responsive-json-new='{\"font-size\":\"desktop:30px;\",\"line-height\":\"desktop:40px;\"}'  style=\"color:#ffffff;\">Engenheiros<\/h3><\/div> <!-- header --><div class=\"aio-icon-description ult-responsive\"  data-ultimate-target='#Info-box-wrap-7380 .aio-icon-description'  data-responsive-json-new='{\"font-size\":\"\",\"line-height\":\"\"}'  style=\"color:#ffffff;\">\u00c9 a ferramenta ideal para engenheiros envolvidos na avalia\u00e7\u00e3o das necessidades de energia, pois garante efici\u00eancia de c\u00e1lculo e precis\u00e3o nos resultados.<\/div> <!-- description --><\/div> <!-- aio-ibd-block --><\/div> <!-- aio-icon-box --><\/div> <!-- aio-icon-component -->[\/vc_column_inner][vc_column_inner width=&#8221;1\/3&#8243;]<div class=\"aio-icon-component    style_1\"><div id=\"Info-box-wrap-5295\" class=\"aio-icon-box left-icon\" style=\"\"  ><div class=\"aio-icon-left\"><div class=\"ult-just-icon-wrapper  \"><div class=\"align-icon\" style=\"text-align:center;\">\n<div class=\"aio-icon none \"  style=\"color:#ffffff;font-size:50px;display:inline-block;\">\n\t<i class=\"icomoon-the7-font-the7-arrow-43\"><\/i>\n<\/div><\/div><\/div><\/div><div class=\"aio-ibd-block\"><div class=\"aio-icon-header\" ><h3 class=\"aio-icon-title ult-responsive\"  data-ultimate-target='#Info-box-wrap-5295 .aio-icon-title'  data-responsive-json-new='{\"font-size\":\"desktop:30px;\",\"line-height\":\"desktop:40px;\"}'  style=\"color:#ffffff;\">Profissionais<\/h3><\/div> <!-- header --><div class=\"aio-icon-description ult-responsive\"  data-ultimate-target='#Info-box-wrap-5295 .aio-icon-description'  data-responsive-json-new='{\"font-size\":\"\",\"line-height\":\"\"}'  style=\"color:#ffffff;\">Uma assist\u00eancia intuitiva e eficaz, em conformidade com as normas europeias, para profissionais que desejam respostas t\u00e9cnicas sobre conforto t\u00e9rmico.<\/div> <!-- description --><\/div> <!-- aio-ibd-block --><\/div> <!-- aio-icon-box --><\/div> <!-- aio-icon-component -->[\/vc_column_inner][vc_column_inner]<div class=\"ult-spacer spacer-69f20dd3c5839\" data-id=\"69f20dd3c5839\" data-height=\"50\" data-height-mobile=\"5\" data-height-tab=\"5\" data-height-tab-portrait=\"5\" data-height-mobile-landscape=\"5\" style=\"clear:both;display:block;\"><\/div>[\/vc_column_inner][\/vc_row_inner][\/vc_column][\/vc_row][vc_row el_id=&#8221;vantaggi&#8221;][vc_column][vc_column_text]<\/p>\n<h1 style=\"text-align: center;\">As vantagens reais, do micro ao macro<\/h1>\n<p style=\"text-align: center;\">A an\u00e1lise de todos os par\u00e2metros e vari\u00e1veis que influenciam o comportamento de um edif\u00edcio permite uma avalia\u00e7\u00e3o muito mais realista e precisa do balan\u00e7o energ\u00e9tico global. O novo modelo considera:<\/p>\n<p>[\/vc_column_text][\/vc_column][vc_column][vc_row_inner gap=&#8221;35&#8243; css=&#8221;.vc_custom_1578570902593{padding-right: 20px !important;padding-left: 20px !important;}&#8221;][vc_column_inner width=&#8221;1\/3&#8243;][vc_column_text]<img loading=\"lazy\" decoding=\"async\" class=\"alignnone wp-image-1516\" src=\"https:\/\/www.diatherm.net\/wp-content\/uploads\/2020\/01\/home.png\" alt=\"\" width=\"90\" height=\"90\" srcset=\"https:\/\/www.diatherm.net\/wp-content\/uploads\/2020\/01\/home.png 256w, https:\/\/www.diatherm.net\/wp-content\/uploads\/2020\/01\/home-150x150.png 150w\" sizes=\"auto, (max-width: 90px) 100vw, 90px\" \/><\/p>\n<h3>A in\u00e9rcia t\u00e9rmica da envolvente ao edif\u00edcio.<\/h3>\n<p>[\/vc_column_text][\/vc_column_inner][vc_column_inner width=&#8221;1\/3&#8243;][vc_column_text]<img loading=\"lazy\" decoding=\"async\" class=\"alignnone wp-image-1519\" src=\"https:\/\/www.diatherm.net\/wp-content\/uploads\/2020\/01\/gas.png\" alt=\"\" width=\"90\" height=\"90\" srcset=\"https:\/\/www.diatherm.net\/wp-content\/uploads\/2020\/01\/gas.png 256w, https:\/\/www.diatherm.net\/wp-content\/uploads\/2020\/01\/gas-150x150.png 150w\" sizes=\"auto, (max-width: 90px) 100vw, 90px\" \/><\/p>\n<h3 style=\"text-align: left;\">A varia\u00e7\u00e3o nas condi\u00e7\u00f5es de uso dos espa\u00e7os.<\/h3>\n<p>[\/vc_column_text][\/vc_column_inner][vc_column_inner width=&#8221;1\/3&#8243;][vc_column_text]<img loading=\"lazy\" decoding=\"async\" class=\"alignnone wp-image-1522\" src=\"https:\/\/www.diatherm.net\/wp-content\/uploads\/2020\/01\/sun.png\" alt=\"\" width=\"90\" height=\"90\" srcset=\"https:\/\/www.diatherm.net\/wp-content\/uploads\/2020\/01\/sun.png 256w, https:\/\/www.diatherm.net\/wp-content\/uploads\/2020\/01\/sun-150x150.png 150w\" sizes=\"auto, (max-width: 90px) 100vw, 90px\" \/><\/p>\n<h3 style=\"text-align: left;\">Fatores solares.<\/h3>\n<p>[\/vc_column_text][\/vc_column_inner][\/vc_row_inner][vc_row_inner gap=&#8221;10&#8243; css=&#8221;.vc_custom_1578570898512{padding-right: 20px !important;padding-left: 20px !important;}&#8221;][vc_column_inner width=&#8221;1\/3&#8243;][vc_column_text]<img loading=\"lazy\" decoding=\"async\" class=\"alignnone wp-image-1521\" src=\"https:\/\/www.diatherm.net\/wp-content\/uploads\/2020\/01\/green.png\" alt=\"\" width=\"90\" height=\"90\" srcset=\"https:\/\/www.diatherm.net\/wp-content\/uploads\/2020\/01\/green.png 256w, https:\/\/www.diatherm.net\/wp-content\/uploads\/2020\/01\/green-150x150.png 150w\" sizes=\"auto, (max-width: 90px) 100vw, 90px\" \/><\/p>\n<h3>Evolu\u00e7\u00e3o das condi\u00e7\u00f5es clim\u00e1ticas externas.<\/h3>\n<p>[\/vc_column_text][\/vc_column_inner][vc_column_inner width=&#8221;1\/3&#8243;][vc_column_text]<img loading=\"lazy\" decoding=\"async\" class=\"alignnone wp-image-1523\" src=\"https:\/\/www.diatherm.net\/wp-content\/uploads\/2020\/01\/celsius.png\" alt=\"\" width=\"90\" height=\"90\" srcset=\"https:\/\/www.diatherm.net\/wp-content\/uploads\/2020\/01\/celsius.png 256w, https:\/\/www.diatherm.net\/wp-content\/uploads\/2020\/01\/celsius-150x150.png 150w\" sizes=\"auto, (max-width: 90px) 100vw, 90px\" \/><\/p>\n<h3 style=\"text-align: left;\">Varia\u00e7\u00e3o de diferentes temperaturas em um local espec\u00edfico ao longo do dia.<\/h3>\n<p>[\/vc_column_text][\/vc_column_inner][vc_column_inner width=&#8221;1\/3&#8243;][\/vc_column_inner][\/vc_row_inner]<div class=\"ult-spacer spacer-69f20dd3c585e\" data-id=\"69f20dd3c585e\" data-height=\"40\" data-height-mobile=\"5\" data-height-tab=\"5\" data-height-tab-portrait=\"5\" data-height-mobile-landscape=\"5\" style=\"clear:both;display:block;\"><\/div><div class=\"ult-spacer spacer-69f20dd3c587c\" data-id=\"69f20dd3c587c\" data-height=\"40\" data-height-mobile=\"5\" data-height-tab=\"5\" data-height-tab-portrait=\"5\" data-height-mobile-landscape=\"5\" style=\"clear:both;display:block;\"><\/div>[\/vc_column][\/vc_row][vc_row][vc_column][vc_message message_box_style=&#8221;solid-icon&#8221;]<\/p>\n<p style=\"font-size: 13px;\">O novo regulamento t\u00e9rmico UNI EN ISO 52016-1: 2018 de 1 de mar\u00e7o de 2018 substituiu formalmente o UNI EN ISO 13790, substituindo o antigo m\u00e9todo de c\u00e1lculo sazonal e mensal.<br \/>\nMas quais s\u00e3o suas principais caracter\u00edsticas?<\/p>\n<ul>\n<li style=\"list-style-type: none;\">\n<ul>\n<li>\n<p style=\"font-size: 13px;\">Um novo m\u00e9todo de c\u00e1lculo hor\u00e1rio din\u00e2mico para aquecimento e refrigera\u00e7\u00e3o<\/p>\n<\/li>\n<li>\n<p style=\"font-size: 13px;\">Uma integra\u00e7\u00e3o funcional do m\u00e9todo de c\u00e1lculo da carga de calor (inverno e ver\u00e3o)<\/p>\n<\/li>\n<li>\n<p style=\"font-size: 13px;\">Garante resultados mais confi\u00e1veis porque considera as condi\u00e7\u00f5es reais de utiliza\u00e7\u00e3o do edificado<\/p>\n<\/li>\n<li>\n<p style=\"font-size: 13px;\">Um modelo compreens\u00edvel, altamente reproduz\u00edvel e transparente<\/p>\n<\/li>\n<\/ul>\n<\/li>\n<\/ul>\n<p>[\/vc_message][\/vc_column][\/vc_row][vc_row css=&#8221;.vc_custom_1578565176109{padding-top: 30px !important;padding-bottom: 30px !important;}&#8221;][vc_column width=&#8221;1\/6&#8243;][\/vc_column][vc_column width=&#8221;2\/3&#8243; css=&#8221;.vc_custom_1578565096776{border-left-width: 2px !important;padding-left: 20px !important;border-left-color: #f67900 !important;border-left-style: solid !important;border-radius: 2px !important;}&#8221;][vc_column_text]<\/p>\n<h2><em>A filosofia dos edif\u00edcios mediterr\u00e2nicos<\/em><\/h2>\n<p><em>O modelo \u201cMediterranean Building\u201d \u00e9 a s\u00edntese da tradi\u00e7\u00e3o e inova\u00e7\u00e3o no mundo da constru\u00e7\u00e3o civil, porque combina a qualidade e a efici\u00eancia das mat\u00e9rias-primas naturais com o alto n\u00edvel tecnol\u00f3gico dos produtos &#8211; a chamada \u201cintelig\u00eancia dos materiais\u201d. Essa filosofia abra\u00e7a totalmente o desafio do futuro para todo os envolvidos na constru\u00e7\u00e3o civil, o de criar edif\u00edcios duradouros em rela\u00e7\u00e3o ao ambiente circundante e \u00e0 sa\u00fade humana. &#8221; Mediterranean Building &#8221; significa proteger as casas n\u00e3o apenas do frio, mas tamb\u00e9m do calor, garantindo a m\u00e1xima economia de energia. A corti\u00e7a representa o s\u00edmbolo de excel\u00eancia desta vis\u00e3o, que nasceu precisamente na Europa Ocidental e \u00e9 um material precioso e natural, al\u00e9m de renov\u00e1vel, sustent\u00e1vel, leve, com um desempenho muito alto em termos de isolamento t\u00e9rmico no ver\u00e3o e no inverno.<\/em>[\/vc_column_text][\/vc_column][vc_column width=&#8221;1\/6&#8243;][\/vc_column][\/vc_row][vc_row full_width=&#8221;stretch_row&#8221; bg_type=&#8221;image&#8221; parallax_style=&#8221;vcpb-default&#8221; bg_image_new=&#8221;id^1452|url^https:\/\/www.diatherm.net\/wp-content\/uploads\/2020\/01\/diatherm_bg_cover-1.jpg|caption^null|alt^null|title^diatherm_bg_cover|description^null&#8221; bg_image_repeat=&#8221;no-repeat&#8221; enable_overlay=&#8221;enable_overlay_value&#8221; overlay_color=&#8221;rgba(0,0,0,0.61)&#8221;][vc_column width=&#8221;1\/12&#8243;][\/vc_column][vc_column width=&#8221;5\/6&#8243;]<div class=\"ult-spacer spacer-69f20dd3c589a\" data-id=\"69f20dd3c589a\" data-height=\"60\" data-height-mobile=\"10\" data-height-tab=\"10\" data-height-tab-portrait=\"10\" data-height-mobile-landscape=\"10\" style=\"clear:both;display:block;\"><\/div><div class=\"ult-spacer spacer-69f20dd3c58b7\" data-id=\"69f20dd3c58b7\" data-height=\"60\" data-height-mobile=\"10\" data-height-tab=\"10\" data-height-tab-portrait=\"10\" data-height-mobile-landscape=\"10\" style=\"clear:both;display:block;\"><\/div>[vc_column_text]<\/p>\n<h1 style=\"text-align: center;\"><span style=\"color: #ffffff;\">Do que est\u00e1 \u00e0 espera?<\/span><\/h1>\n<h3 style=\"text-align: center;\"><span style=\"color: #ffffff;\">Registre-se agora para aproveitar todos os benef\u00edcios do Diatherm. Ao inscrever-se, voc\u00ea tamb\u00e9m ter\u00e1 a oportunidade de estar permanentemente atualizado sobre todas as \u201cnot\u00edcias de aperfei\u00e7oamento\u201d, da Diasen Academy, relacionadas \u00e0 sustentabilidade e economia de energia.<\/span><\/h3>\n<p>[\/vc_column_text]<style type=\"text\/css\" data-type=\"the7_shortcodes-inline-css\">#default-btn-d9ab120b3ac5173e4d7d71e12aae3e88.ico-right-side > i {\n  margin-right: 0px;\n  margin-left: 8px;\n}\n#default-btn-d9ab120b3ac5173e4d7d71e12aae3e88 > i {\n  margin-right: 8px;\n}<\/style><div class=\"btn-align-center\"><a href=\"https:\/\/bit.ly\/accedi-registrati\" class=\"default-btn-shortcode dt-btn dt-btn-m link-hover-off \" target=\"_blank\" id=\"default-btn-d9ab120b3ac5173e4d7d71e12aae3e88\" rel=\"noopener\"><span>Registrar-se agora<\/span><\/a><\/div><div class=\"ult-spacer spacer-69f20dd3c599e\" data-id=\"69f20dd3c599e\" data-height=\"60\" data-height-mobile=\"10\" data-height-tab=\"10\" data-height-tab-portrait=\"10\" data-height-mobile-landscape=\"10\" style=\"clear:both;display:block;\"><\/div><div class=\"ult-spacer spacer-69f20dd3c59bd\" data-id=\"69f20dd3c59bd\" data-height=\"60\" data-height-mobile=\"10\" data-height-tab=\"10\" data-height-tab-portrait=\"10\" data-height-mobile-landscape=\"10\" style=\"clear:both;display:block;\"><\/div>[\/vc_column][vc_column width=&#8221;1\/12&#8243;][\/vc_column][\/vc_row]<\/p>\n<\/div>","protected":false},"excerpt":{"rendered":"<p>[vc_row full_width=&#8221;stretch_row_content_no_spaces&#8221; full_height=&#8221;yes&#8221; css=&#8221;.vc_custom_1578565499717{margin-top: 0px !important;margin-bottom: 0px !important;border-top-width: 0px !important;border-bottom-width: 0px !important;padding-top: 0px !important;padding-bottom: 0px !important;}&#8221;][vc_column width=&#8221;1\/2&#8243; css=&#8221;.vc_custom_1578565519835{margin-bottom: 0px !important;border-bottom-width: 0px !important;padding-top: 40px !important;padding-right: 40px !important;padding-bottom: 10px !important;padding-left: 40px !important;}&#8221;][vc_column_text] Sa\u00fade, seguran\u00e7a e economia de energia O bem-estar das fam\u00edlias \u00e9 o resultado do equil\u00edbrio harmonioso entre v\u00e1rios elementos: sa\u00fade, seguran\u00e7a e economia de energia.&hellip;<\/p>\n","protected":false},"author":1,"featured_media":0,"parent":0,"menu_order":0,"comment_status":"closed","ping_status":"closed","template":"","meta":{"footnotes":""},"class_list":["post-1736","page","type-page","status-publish","hentry","description-off"],"_links":{"self":[{"href":"https:\/\/www.diatherm.net\/pt-pt\/wp-json\/wp\/v2\/pages\/1736","targetHints":{"allow":["GET"]}}],"collection":[{"href":"https:\/\/www.diatherm.net\/pt-pt\/wp-json\/wp\/v2\/pages"}],"about":[{"href":"https:\/\/www.diatherm.net\/pt-pt\/wp-json\/wp\/v2\/types\/page"}],"author":[{"embeddable":true,"href":"https:\/\/www.diatherm.net\/pt-pt\/wp-json\/wp\/v2\/users\/1"}],"replies":[{"embeddable":true,"href":"https:\/\/www.diatherm.net\/pt-pt\/wp-json\/wp\/v2\/comments?post=1736"}],"version-history":[{"count":4,"href":"https:\/\/www.diatherm.net\/pt-pt\/wp-json\/wp\/v2\/pages\/1736\/revisions"}],"predecessor-version":[{"id":1754,"href":"https:\/\/www.diatherm.net\/pt-pt\/wp-json\/wp\/v2\/pages\/1736\/revisions\/1754"}],"wp:attachment":[{"href":"https:\/\/www.diatherm.net\/pt-pt\/wp-json\/wp\/v2\/media?parent=1736"}],"curies":[{"name":"wp","href":"https:\/\/api.w.org\/{rel}","templated":true}]}}